{"id":2604,"date":"2024-03-08T14:30:10","date_gmt":"2024-03-08T14:30:10","guid":{"rendered":"https:\/\/2024.online-event.io\/?page_id=2604"},"modified":"2024-03-08T16:45:13","modified_gmt":"2024-03-08T16:45:13","slug":"faq","status":"publish","type":"page","link":"https:\/\/2024.online-event.io\/fr\/faq\/","title":{"rendered":"FAQ"},"content":{"rendered":"\r\n<section class=\"container py-5 mb-lg-2\">\r\n    <div class=\"row py-2 py-md-4 py-lg-5 px-5\">\r\n        <div class=\"col-xl-4 col-md-5 text-center text-md-start pt-md-2 pb-2 pb-md-0 mb-4 mb-md-0\">\r\n            <h2 class=\"pb-3 mb-1 mb-lg-3\">Titre de la FAQ qui va bien<\/h2>\r\n            <p class=\"fs-lg pb-3 mb-2 mb-lg-3\">Lorem ipsum dolor sit amet, consectetur adipiscing elit, sed do eiusmod tempor incididunt ut labore et dolore magna aliqua. Ut enim ad minim veniam, quis nostrud exercitation ullamco laboris nisi ut aliquip ex ea commodo consequat. Duis aute irure dolor in reprehenderit in voluptate velit esse cillum dolore eu fugiat nulla pariatur. Excepteur sint occaecat cupidatat non proident, sunt in culpa qui officia deserunt mollit anim id est laborum.<\/p>\r\n                    <\/div>\r\n        <div class=\"col-md-7 offset-xl-1\">\r\n            <div class=\"accordion\" id=\"faq\">\r\n\r\n                                    \r\n                        <div class=\"accordion-item border-0 rounded-3 shadow-sm mb-3\">\r\n                            <h2 class=\"accordion-header\" id=\"q0-heading\">\r\n                                <button class=\"accordion-button shadow-none rounded-3 collapsed\" type=\"button\" data-bs-toggle=\"collapse\" data-bs-target=\"#q0\" aria-expanded=\"true\" aria-controls=\"q0\">\r\n                                    Qu&rsquo;est-ce que Online Event et quelles sont ses principales fonctionnalit\u00e9s ?                                <\/button>\r\n                            <\/h2>\r\n                            <div id=\"q0\" class=\"accordion-collapse collapse\" aria-labelledby=\"q0-heading\" data-bs-parent=\"#faq\">\r\n                                <div class=\"accordion-body fs-sm pt-0\">\r\n                                    <p>Online Event est une plateforme d\u2019\u00e9v\u00e9nements en ligne int\u00e9grant les fonctionnalit\u00e9s suivantes : <\/p>\n<p>&#8211; Invitations et billetteries<br \/>\n&#8211; Formulaires d\u2019inscriptions<br \/>\n&#8211; Campagnes de communication<br \/>\n&#8211; Site web de l\u2019\u00e9v\u00e9nement<br \/>\n&#8211; Agenda d\u00e9taill\u00e9<br \/>\n&#8211; Diffusions en direct et interactivit\u00e9s<br \/>\n&#8211; Mise en avant des partenaires, sponsors, etc.<br \/>\n&#8211; M\u00e9diath\u00e8ques<br \/>\n&#8211; KPIs et statistiques compl\u00e8tes \u00e0 toutes les \u00e9tapes<\/p>\n                                                                    <\/div>\r\n                            <\/div>\r\n                        <\/div>\r\n\r\n                    \r\n                        <div class=\"accordion-item border-0 rounded-3 shadow-sm mb-3\">\r\n                            <h2 class=\"accordion-header\" id=\"q1-heading\">\r\n                                <button class=\"accordion-button shadow-none rounded-3 collapsed\" type=\"button\" data-bs-toggle=\"collapse\" data-bs-target=\"#q1\" aria-expanded=\"true\" aria-controls=\"q1\">\r\n                                    Comment puis-je organiser un \u00e9v\u00e9nement en ligne avec Online Event ?                                <\/button>\r\n                            <\/h2>\r\n                            <div id=\"q1\" class=\"accordion-collapse collapse\" aria-labelledby=\"q1-heading\" data-bs-parent=\"#faq\">\r\n                                <div class=\"accordion-body fs-sm pt-0\">\r\n                                    <p>Vous avez un projet d\u2019\u00e9v\u00e9nement, qu\u2019il soit 100% digital, hybride ou pr\u00e9sentiel, Online Event vous apporte le support logistique centralis\u00e9 pour simplifier et fluidifier la gestion de vos participants. <\/p>\n<p>N\u2019h\u00e9sitez pas \u00e0 nous contacter pour \u00e9changer sur votre projet. Nous pourrons vous apporter une solution adapt\u00e9e \u00e0 votre besoin.<\/p>\n                                                                            <a href=\"https:\/\/2024.online-event.io\/fr\/contact\/\" class=\"btn btn-primary\" target=\"\">\r\n                                            Nous contacter                                        <\/a>\r\n                                                                    <\/div>\r\n                            <\/div>\r\n                        <\/div>\r\n\r\n                    \r\n                        <div class=\"accordion-item border-0 rounded-3 shadow-sm mb-3\">\r\n                            <h2 class=\"accordion-header\" id=\"q2-heading\">\r\n                                <button class=\"accordion-button shadow-none rounded-3 collapsed\" type=\"button\" data-bs-toggle=\"collapse\" data-bs-target=\"#q2\" aria-expanded=\"true\" aria-controls=\"q2\">\r\n                                    Quelle est la diff\u00e9rence entre Online Event et les solutions SAAS traditionnelles pour l&rsquo;organisation d&rsquo;\u00e9v\u00e9nements en ligne ?                                <\/button>\r\n                            <\/h2>\r\n                            <div id=\"q2\" class=\"accordion-collapse collapse\" aria-labelledby=\"q2-heading\" data-bs-parent=\"#faq\">\r\n                                <div class=\"accordion-body fs-sm pt-0\">\r\n                                    <p>Contrairement \u00e0 une solution SAAS, avec Online Event, vous pouvez b\u00e9n\u00e9ficier d\u2019une grande personnalisation graphique et la possibilit\u00e9 de d\u00e9veloppements d\u2019outils sur-mesure int\u00e9gr\u00e9s \u00e0 votre application sans contrainte li\u00e9 \u00e0 la mutualisation des donn\u00e9es et des interfaces d\u2019un SAAS. C\u2019est nous qui nous adaptons \u00e0 vos besoins et non l\u2019inverse.<\/p>\n                                                                    <\/div>\r\n                            <\/div>\r\n                        <\/div>\r\n\r\n                    \r\n                        <div class=\"accordion-item border-0 rounded-3 shadow-sm mb-3\">\r\n                            <h2 class=\"accordion-header\" id=\"q3-heading\">\r\n                                <button class=\"accordion-button shadow-none rounded-3 collapsed\" type=\"button\" data-bs-toggle=\"collapse\" data-bs-target=\"#q3\" aria-expanded=\"true\" aria-controls=\"q3\">\r\n                                    Quels types d&rsquo;\u00e9v\u00e9nements conviennent le mieux \u00e0 votre plateforme ?                                <\/button>\r\n                            <\/h2>\r\n                            <div id=\"q3\" class=\"accordion-collapse collapse\" aria-labelledby=\"q3-heading\" data-bs-parent=\"#faq\">\r\n                                <div class=\"accordion-body fs-sm pt-0\">\r\n                                    <p>Voici les types d&rsquo;\u00e9v\u00e9nements que nous organisons le plus souvent :<\/p>\n<p>&#8211; Congr\u00e8s, symposium, colloque<br \/>\n&#8211; S\u00e9minaire d&rsquo;entreprise<br \/>\n&#8211; Salon<br \/>\n&#8211; Lancement de produit<br \/>\n&#8211; Conf\u00e9rence de presse<br \/>\n&#8211; R\u00e9unions de travail \/ Tables rondes<\/p>\n<p>Nous pouvons bien entendu nous adapter \u00e0 votre \u00e9v\u00e9nement, m\u00eame s&rsquo;il ne rentre pas dans une de ces cat\u00e9gories.<\/p>\n                                                                    <\/div>\r\n                            <\/div>\r\n                        <\/div>\r\n\r\n                    \r\n                        <div class=\"accordion-item border-0 rounded-3 shadow-sm mb-3\">\r\n                            <h2 class=\"accordion-header\" id=\"q4-heading\">\r\n                                <button class=\"accordion-button shadow-none rounded-3 collapsed\" type=\"button\" data-bs-toggle=\"collapse\" data-bs-target=\"#q4\" aria-expanded=\"true\" aria-controls=\"q4\">\r\n                                    Comment puis-je assurer la s\u00e9curit\u00e9 des donn\u00e9es lors de l&rsquo;utilisation de Online Event ?                                <\/button>\r\n                            <\/h2>\r\n                            <div id=\"q4\" class=\"accordion-collapse collapse\" aria-labelledby=\"q4-heading\" data-bs-parent=\"#faq\">\r\n                                <div class=\"accordion-body fs-sm pt-0\">\r\n                                    <p>Contrairement aux solutions SAAS dans lesquelles vos donn\u00e9es sont stock\u00e9es sur des serveurs mutualis\u00e9s chez un h\u00e9bergeur, nous vous garantissons la souverainet\u00e9 et la s\u00e9curit\u00e9 compl\u00e8te de vos donn\u00e9es.<\/p>\n<p>Nous faisons auditer l\u2019ensemble du code produit en interne au minimum une fois par an par une soci\u00e9t\u00e9 de cybers\u00e9curit\u00e9 ind\u00e9pendante : DBM Partners. <\/p>\n<p>RGPD : Nous mettons ainsi tout en \u0153uvre pour prot\u00e9ger vos donn\u00e9es et s\u2019assurer que personne d\u2019autre que vous n\u2019y ait acc\u00e8s.<\/p>\n                                                                    <\/div>\r\n                            <\/div>\r\n                        <\/div>\r\n\r\n                    \r\n                        <div class=\"accordion-item border-0 rounded-3 shadow-sm mb-3\">\r\n                            <h2 class=\"accordion-header\" id=\"q5-heading\">\r\n                                <button class=\"accordion-button shadow-none rounded-3 collapsed\" type=\"button\" data-bs-toggle=\"collapse\" data-bs-target=\"#q5\" aria-expanded=\"true\" aria-controls=\"q5\">\r\n                                    Est-ce que Online Event est compatible avec d&rsquo;autres plateformes et outils digitaux que nous utilisons d\u00e9j\u00e0 ?                                <\/button>\r\n                            <\/h2>\r\n                            <div id=\"q5\" class=\"accordion-collapse collapse\" aria-labelledby=\"q5-heading\" data-bs-parent=\"#faq\">\r\n                                <div class=\"accordion-body fs-sm pt-0\">\r\n                                    <p>Nous proposons des plateformes sur-mesure, donc oui, nous pouvons int\u00e9grer des outils que vous utilisez. Il est d\u2019ailleurs fort probable que nous l\u2019ayons d\u00e9j\u00e0 fait sur d\u2019autres projets et que des connecteurs soient d\u00e9j\u00e0 disponibles.<\/p>\n<p>Si ce n\u2019est pas le cas, ou que vous souhaitez int\u00e9grez vos outils internes, notre \u00e9quipe de d\u00e9veloppement est toujours disponible pour de nouvelles int\u00e9grations.<\/p>\n                                                                    <\/div>\r\n                            <\/div>\r\n                        <\/div>\r\n\r\n                    \r\n                        <div class=\"accordion-item border-0 rounded-3 shadow-sm mb-3\">\r\n                            <h2 class=\"accordion-header\" id=\"q6-heading\">\r\n                                <button class=\"accordion-button shadow-none rounded-3 collapsed\" type=\"button\" data-bs-toggle=\"collapse\" data-bs-target=\"#q6\" aria-expanded=\"true\" aria-controls=\"q6\">\r\n                                    Quels sont les avantages des \u00e9v\u00e9nements hybrides et comment puis-je les organiser avec votre plateforme ?                                <\/button>\r\n                            <\/h2>\r\n                            <div id=\"q6\" class=\"accordion-collapse collapse\" aria-labelledby=\"q6-heading\" data-bs-parent=\"#faq\">\r\n                                <div class=\"accordion-body fs-sm pt-0\">\r\n                                    <p>Les \u00e9v\u00e9nements hybrides offrent une accessibilit\u00e9 et une flexibilit\u00e9 accrues, permettant aux participants de se joindre soit en personne soit en ligne, \u00e9largissant ainsi la port\u00e9e de votre \u00e9v\u00e9nement. Online Event facilite l&rsquo;organisation de tels \u00e9v\u00e9nements en fournissant des formulaires d&rsquo;inscription diff\u00e9renci\u00e9s pour les participants distants et pr\u00e9sentiels, ainsi que des outils d&rsquo;interactivit\u00e9  qui permettent de retrouver du lien entre distance et pr\u00e9sentiel. <\/p>\n<p>Notre plateforme adapte les outils num\u00e9riques n\u00e9cessaires pour assurer une exp\u00e9rience fluide et int\u00e9gr\u00e9e, offrant ainsi une solution compl\u00e8te qui couvre la planification, l&rsquo;ex\u00e9cution et le suivi de votre \u00e9v\u00e9nement hybride. Nous fournissons les solutions digitales pour fluidifier l\u2019organisation aux organisateurs.<\/p>\n                                                                    <\/div>\r\n                            <\/div>\r\n                        <\/div>\r\n\r\n                    \r\n                        <div class=\"accordion-item border-0 rounded-3 shadow-sm mb-3\">\r\n                            <h2 class=\"accordion-header\" id=\"q7-heading\">\r\n                                <button class=\"accordion-button shadow-none rounded-3 collapsed\" type=\"button\" data-bs-toggle=\"collapse\" data-bs-target=\"#q7\" aria-expanded=\"true\" aria-controls=\"q7\">\r\n                                    Comment s&rsquo;assurer que mes diffusions en direct vont se d\u00e9rouler sans accroc ?                                <\/button>\r\n                            <\/h2>\r\n                            <div id=\"q7\" class=\"accordion-collapse collapse\" aria-labelledby=\"q7-heading\" data-bs-parent=\"#faq\">\r\n                                <div class=\"accordion-body fs-sm pt-0\">\r\n                                    <p>Lors de la pr\u00e9paration de votre \u00e9v\u00e9nement, en fonction des cibles d\u2019audience et des technologies de transmission possible sur votre \u00e9v\u00e9nement, nous prendrons ensemble les d\u00e9cisions strat\u00e9gique et techniques afin de garantir la meilleure exp\u00e9rience pour vos participants.<\/p>\n<p>Pendant vos \u00e9v\u00e9nements en direct, nous proposons \u00e9galement des fonctionnalit\u00e9s interactives pour plus d\u2019immersion de vos participants. Une \u00e9quipe technique sera pr\u00e9sente sur place ou \u00e0 distance pour s\u2019assurer du bon fonctionnement et r\u00e9agir en temps r\u00e9el en cas de besoins.<\/p>\n                                                                    <\/div>\r\n                            <\/div>\r\n                        <\/div>\r\n\r\n                    \r\n                        <div class=\"accordion-item border-0 rounded-3 shadow-sm mb-3\">\r\n                            <h2 class=\"accordion-header\" id=\"q8-heading\">\r\n                                <button class=\"accordion-button shadow-none rounded-3 collapsed\" type=\"button\" data-bs-toggle=\"collapse\" data-bs-target=\"#q8\" aria-expanded=\"true\" aria-controls=\"q8\">\r\n                                    Quelles solutions de paiement en ligne sont int\u00e9grables sur votre plateforme ?                                <\/button>\r\n                            <\/h2>\r\n                            <div id=\"q8\" class=\"accordion-collapse collapse\" aria-labelledby=\"q8-heading\" data-bs-parent=\"#faq\">\r\n                                <div class=\"accordion-body fs-sm pt-0\">\r\n                                    <p>Les services de transaction Stripe et Paypal sont nativement int\u00e9gr\u00e9s \u00e0 notre plateforme de billetterie.<\/p>\n<p>Si vous le souhaitez, il est \u00e9galement possible de connecter d\u2019autres services de paiement en ligne dans le cadre de d\u00e9veloppements sur mesure.<\/p>\n<p>Nous ne fournissons pas les services de paiements, ce sont toujours vos comptes qui sont utilis\u00e9s et, de ce fait, il n\u2019y a aucun frais de transaction \u00e0 pr\u00e9voir de notre c\u00f4t\u00e9, quelque soient le nombre et le montant des transactions.<\/p>\n                                                                    <\/div>\r\n                            <\/div>\r\n                        <\/div>\r\n\r\n                    \r\n                        <div class=\"accordion-item border-0 rounded-3 shadow-sm mb-3\">\r\n                            <h2 class=\"accordion-header\" id=\"q9-heading\">\r\n                                <button class=\"accordion-button shadow-none rounded-3 collapsed\" type=\"button\" data-bs-toggle=\"collapse\" data-bs-target=\"#q9\" aria-expanded=\"true\" aria-controls=\"q9\">\r\n                                    O\u00f9 puis-je trouver de l&rsquo;aide ou un support en cas de probl\u00e8me lors de l&rsquo;utilisation de la plateforme ?                                <\/button>\r\n                            <\/h2>\r\n                            <div id=\"q9\" class=\"accordion-collapse collapse\" aria-labelledby=\"q9-heading\" data-bs-parent=\"#faq\">\r\n                                <div class=\"accordion-body fs-sm pt-0\">\r\n                                    <p>Nous vous accompagnons \u00e0 chaque \u00e9tape de votre projet. <\/p>\n<p>Vous avez un chef de projet d\u00e9di\u00e9 que vous pouvez contacter directement pour r\u00e9pondre \u00e0 toutes vos questions et une \u00e9quipe technique pr\u00e9sente \u00e0 vos cot\u00e9s pendant le d\u00e9roulement de votre \u00e9v\u00e9nement.<\/p>\n                                                                    <\/div>\r\n                            <\/div>\r\n                        <\/div>\r\n\r\n                                    \r\n            <\/div>\r\n        <\/div>\r\n    <\/div>\r\n<\/section>","protected":false},"excerpt":{"rendered":"","protected":false},"author":6,"featured_media":0,"parent":0,"menu_order":0,"comment_status":"closed","ping_status":"closed","template":"","meta":{"inline_featured_image":false,"footnotes":""},"acf":[],"yoast_head":"<!-- This site is optimized with the Yoast SEO plugin v22.1 - https:\/\/yoast.com\/wordpress\/plugins\/seo\/ -->\n<title>FAQ - Online Event<\/title>\n<meta name=\"robots\" content=\"index, follow, max-snippet:-1, max-image-preview:large, max-video-preview:-1\" \/>\n<link rel=\"canonical\" href=\"https:\/\/2024.online-event.io\/fr\/faq\/\" \/>\n<meta property=\"og:locale\" content=\"fr_FR\" \/>\n<meta property=\"og:type\" content=\"article\" \/>\n<meta property=\"og:title\" content=\"FAQ - Online Event\" \/>\n<meta property=\"og:url\" content=\"https:\/\/2024.online-event.io\/fr\/faq\/\" \/>\n<meta property=\"og:site_name\" content=\"Online Event\" \/>\n<meta property=\"article:modified_time\" content=\"2024-03-08T16:45:13+00:00\" \/>\n<meta name=\"twitter:card\" content=\"summary_large_image\" \/>\n<script type=\"application\/ld+json\" class=\"yoast-schema-graph\">{\"@context\":\"https:\/\/schema.org\",\"@graph\":[{\"@type\":\"WebPage\",\"@id\":\"https:\/\/2024.online-event.io\/fr\/faq\/\",\"url\":\"https:\/\/2024.online-event.io\/fr\/faq\/\",\"name\":\"FAQ - Online Event\",\"isPartOf\":{\"@id\":\"https:\/\/2024.online-event.io\/fr\/#website\"},\"datePublished\":\"2024-03-08T14:30:10+00:00\",\"dateModified\":\"2024-03-08T16:45:13+00:00\",\"inLanguage\":\"fr-FR\",\"potentialAction\":[{\"@type\":\"ReadAction\",\"target\":[\"https:\/\/2024.online-event.io\/fr\/faq\/\"]}]},{\"@type\":\"WebSite\",\"@id\":\"https:\/\/2024.online-event.io\/fr\/#website\",\"url\":\"https:\/\/2024.online-event.io\/fr\/\",\"name\":\"Online Event\",\"description\":\"\",\"potentialAction\":[{\"@type\":\"SearchAction\",\"target\":{\"@type\":\"EntryPoint\",\"urlTemplate\":\"https:\/\/2024.online-event.io\/fr\/?s={search_term_string}\"},\"query-input\":\"required name=search_term_string\"}],\"inLanguage\":\"fr-FR\"}]}<\/script>\n<!-- \/ Yoast SEO plugin. -->","yoast_head_json":{"title":"FAQ - Online Event","robots":{"index":"index","follow":"follow","max-snippet":"max-snippet:-1","max-image-preview":"max-image-preview:large","max-video-preview":"max-video-preview:-1"},"canonical":"https:\/\/2024.online-event.io\/fr\/faq\/","og_locale":"fr_FR","og_type":"article","og_title":"FAQ - Online Event","og_url":"https:\/\/2024.online-event.io\/fr\/faq\/","og_site_name":"Online Event","article_modified_time":"2024-03-08T16:45:13+00:00","twitter_card":"summary_large_image","schema":{"@context":"https:\/\/schema.org","@graph":[{"@type":"WebPage","@id":"https:\/\/2024.online-event.io\/fr\/faq\/","url":"https:\/\/2024.online-event.io\/fr\/faq\/","name":"FAQ - Online Event","isPartOf":{"@id":"https:\/\/2024.online-event.io\/fr\/#website"},"datePublished":"2024-03-08T14:30:10+00:00","dateModified":"2024-03-08T16:45:13+00:00","inLanguage":"fr-FR","potentialAction":[{"@type":"ReadAction","target":["https:\/\/2024.online-event.io\/fr\/faq\/"]}]},{"@type":"WebSite","@id":"https:\/\/2024.online-event.io\/fr\/#website","url":"https:\/\/2024.online-event.io\/fr\/","name":"Online Event","description":"","potentialAction":[{"@type":"SearchAction","target":{"@type":"EntryPoint","urlTemplate":"https:\/\/2024.online-event.io\/fr\/?s={search_term_string}"},"query-input":"required name=search_term_string"}],"inLanguage":"fr-FR"}]}},"_links":{"self":[{"href":"https:\/\/2024.online-event.io\/fr\/wp-json\/wp\/v2\/pages\/2604"}],"collection":[{"href":"https:\/\/2024.online-event.io\/fr\/wp-json\/wp\/v2\/pages"}],"about":[{"href":"https:\/\/2024.online-event.io\/fr\/wp-json\/wp\/v2\/types\/page"}],"author":[{"embeddable":true,"href":"https:\/\/2024.online-event.io\/fr\/wp-json\/wp\/v2\/users\/6"}],"replies":[{"embeddable":true,"href":"https:\/\/2024.online-event.io\/fr\/wp-json\/wp\/v2\/comments?post=2604"}],"version-history":[{"count":12,"href":"https:\/\/2024.online-event.io\/fr\/wp-json\/wp\/v2\/pages\/2604\/revisions"}],"predecessor-version":[{"id":2654,"href":"https:\/\/2024.online-event.io\/fr\/wp-json\/wp\/v2\/pages\/2604\/revisions\/2654"}],"wp:attachment":[{"href":"https:\/\/2024.online-event.io\/fr\/wp-json\/wp\/v2\/media?parent=2604"}],"curies":[{"name":"wp","href":"https:\/\/api.w.org\/{rel}","templated":true}]}}