{"id":321,"date":"2022-03-10T13:59:31","date_gmt":"2022-03-10T13:59:31","guid":{"rendered":"https:\/\/2024.online-event.io\/?page_id=321"},"modified":"2024-02-22T16:45:13","modified_gmt":"2024-02-22T16:45:13","slug":"homepage","status":"publish","type":"page","link":"https:\/\/2024.online-event.io\/en\/","title":{"rendered":"Homepage"},"content":{"rendered":"\r\n<section class=\" position-relative overflow-hidden py-4 mb-3\">\r\n    <div class=\"container pt-lg-3\">\r\n        <div class=\"row flex-lg-nowrap\">\r\n            <div class=\"col-lg-6 col-xl-5 text-center text-lg-start pt-5 mt-xl-4\">\r\n                <h1 class=\"display-4 pt-5 pb-2 pb-lg-3 mt-2 mt-lg-5\">Online Event,<\/br> la plateforme sur mesure d\u00e9di\u00e9e \u00e0 vos \u00e9v\u00e8nements hybrides et digitaux !<\/h1>\r\n                <p class=\"fs-lg mb-4 mb-lg-5\">Parce que vos \u00e9v\u00e8nements sont tous diff\u00e9rents, Online Event s&#8217;adapte \u00e0 vos besoins.<\/p>\r\n                                        <a href=\"https:\/\/demo1.online-event.io?auth-token=eyJ0eXAiOiJKV1QiLCJhbGciOiJIUzI1NiJ9.eyJpYXQiOjE2NjYyNjgyNDUsImVtYWlsIjoiZGVtb0BvbmxpbmUtZXZlbnQuZnIifQ.QSC2DiQJXEUqZWAXWAPiNTfKuaoMXQJ8bRwlrDXr-Xg\" target=\"_blank\" class=\"btn btn-primary btn-lg me-1 mb-1\">d\u00e9monstration<\/a>\r\n                                                    <div class=\"pt-5 mt-xl-5\">\r\n                                                    <h6 class=\"pt-xl-3 pb-3 pb-lg-4\">Partenaires H\u00e9bergement \/ D\u00e9veloppement<\/h6>\r\n                                                <div class=\"oe-hero-image d-flex justify-content-center justify-content-lg-start mx-xl-n2\">\r\n                                                            <a href=\"https:\/\/www.online-event.io\/fr\/hebergement\/\" target=\"\" class=\"d-block me-5\">\r\n                                                                                                        <\/a>\r\n                                                            <a href=\"https:\/\/www.dbm-partners.com\" target=\"\" class=\"d-block me-5\">\r\n                                                                                                        <\/a>\r\n                                                            <a href=\"https:\/\/web.probesys.com\/\" target=\"\" class=\"d-block me-5\">\r\n                                                                                                        <\/a>\r\n                                                    <\/div>\r\n                    <\/div>\r\n                            <\/div>\r\n\r\n                            <div class=\"parallax mt-4 ms-4 me-lg-0 ms-lg-n5 ms-xl-n3 mt-lg-n4\">\r\n                                            <div class=\"parallax-layer oe-hero-image \" data-depth=\"0.1\">\r\n                                                                                <\/div>\r\n                                            <div class=\"parallax-layer oe-hero-image zindex-2\" data-depth=\"0.3\">\r\n                                                                                <\/div>\r\n                                    <\/div>\r\n            \r\n        <\/div>\r\n    <\/div>\r\n<\/section>\r\n\r\n<script>\r\n    var modeSwitch = document.querySelector('[data-bs-toggle=\"mode\"]');\r\n    if (modeSwitch) {\r\n        var checkbox = modeSwitch.querySelector('.form-check-input');\r\n        checkbox.addEventListener('change', (e) => {\r\n            set_hero_images_from_mode();\r\n        });\r\n    }\r\n\r\n    var set_hero_images_from_mode = function() {\r\n        var mode = window.localStorage.getItem('mode');\r\n\r\n        jQuery('.oe-hero-image').each(function(index, element) {\r\n            var len = jQuery(this).find('img').length;\r\n            if ((mode === 'dark') && (len > 1)) {\r\n                \/\/ dark mode\r\n                jQuery(this).find('.oe-hero-image_dark_mode').removeClass('d-none');\r\n                jQuery(this).find('.oe-hero-image_dark_mode').addClass('d-block');\r\n                jQuery(this).find('.oe-hero-image_light_mode').addClass('d-none');\r\n                jQuery(this).find('.oe-hero-image_light_mode').removeClass('d-block');\r\n            } else {\r\n                \/\/ light mode\r\n                jQuery(this).find('.oe-hero-image_dark_mode').addClass('d-none');\r\n                jQuery(this).find('.oe-hero-image_dark_mode').removeClass('d-block');\r\n                jQuery(this).find('.oe-hero-image_light_mode').removeClass('d-none');\r\n                jQuery(this).find('.oe-hero-image_light_mode').addClass('d-block');\r\n            }\r\n        });\r\n\r\n    }\r\n\r\n    set_hero_images_from_mode();\r\n<\/script>","protected":false},"excerpt":{"rendered":"","protected":false},"author":1,"featured_media":0,"parent":0,"menu_order":0,"comment_status":"closed","ping_status":"closed","template":"","meta":{"inline_featured_image":false,"footnotes":""},"acf":[],"yoast_head":"<!-- This site is optimized with the Yoast SEO plugin v22.1 - https:\/\/yoast.com\/wordpress\/plugins\/seo\/ -->\n<title>Homepage - Online Event<\/title>\n<meta name=\"description\" content=\"Online Event, the custom-made platform dedicated to your hybrid and digital events ! Because your events are all different, Online Event adapts to your needs.\" \/>\n<meta name=\"robots\" content=\"index, follow, max-snippet:-1, max-image-preview:large, max-video-preview:-1\" \/>\n<link rel=\"canonical\" href=\"https:\/\/2024.online-event.io\/en\/\" \/>\n<meta property=\"og:locale\" content=\"en_US\" \/>\n<meta property=\"og:type\" content=\"article\" \/>\n<meta property=\"og:title\" content=\"Homepage - Online Event\" \/>\n<meta property=\"og:description\" content=\"Online Event, the custom-made platform dedicated to your hybrid and digital events ! Because your events are all different, Online Event adapts to your needs.\" \/>\n<meta property=\"og:url\" content=\"https:\/\/2024.online-event.io\/en\/\" \/>\n<meta property=\"og:site_name\" content=\"Online Event\" \/>\n<meta property=\"article:modified_time\" content=\"2024-02-22T16:45:13+00:00\" \/>\n<meta name=\"twitter:card\" content=\"summary_large_image\" \/>\n<script type=\"application\/ld+json\" class=\"yoast-schema-graph\">{\"@context\":\"https:\/\/schema.org\",\"@graph\":[{\"@type\":\"WebPage\",\"@id\":\"https:\/\/2024.online-event.io\/en\/\",\"url\":\"https:\/\/2024.online-event.io\/en\/\",\"name\":\"Homepage - Online Event\",\"isPartOf\":{\"@id\":\"https:\/\/2024.online-event.io\/fr\/#website\"},\"datePublished\":\"2022-03-10T13:59:31+00:00\",\"dateModified\":\"2024-02-22T16:45:13+00:00\",\"description\":\"Online Event, the custom-made platform dedicated to your hybrid and digital events ! Because your events are all different, Online Event adapts to your needs.\",\"inLanguage\":\"en-US\",\"potentialAction\":[{\"@type\":\"ReadAction\",\"target\":[\"https:\/\/2024.online-event.io\/en\/\"]}]},{\"@type\":\"WebSite\",\"@id\":\"https:\/\/2024.online-event.io\/fr\/#website\",\"url\":\"https:\/\/2024.online-event.io\/fr\/\",\"name\":\"Online Event\",\"description\":\"\",\"potentialAction\":[{\"@type\":\"SearchAction\",\"target\":{\"@type\":\"EntryPoint\",\"urlTemplate\":\"https:\/\/2024.online-event.io\/fr\/?s={search_term_string}\"},\"query-input\":\"required name=search_term_string\"}],\"inLanguage\":\"en-US\"}]}<\/script>\n<!-- \/ Yoast SEO plugin. -->","yoast_head_json":{"title":"Homepage - Online Event","description":"Online Event, the custom-made platform dedicated to your hybrid and digital events ! Because your events are all different, Online Event adapts to your needs.","robots":{"index":"index","follow":"follow","max-snippet":"max-snippet:-1","max-image-preview":"max-image-preview:large","max-video-preview":"max-video-preview:-1"},"canonical":"https:\/\/2024.online-event.io\/en\/","og_locale":"en_US","og_type":"article","og_title":"Homepage - Online Event","og_description":"Online Event, the custom-made platform dedicated to your hybrid and digital events ! Because your events are all different, Online Event adapts to your needs.","og_url":"https:\/\/2024.online-event.io\/en\/","og_site_name":"Online Event","article_modified_time":"2024-02-22T16:45:13+00:00","twitter_card":"summary_large_image","schema":{"@context":"https:\/\/schema.org","@graph":[{"@type":"WebPage","@id":"https:\/\/2024.online-event.io\/en\/","url":"https:\/\/2024.online-event.io\/en\/","name":"Homepage - Online Event","isPartOf":{"@id":"https:\/\/2024.online-event.io\/fr\/#website"},"datePublished":"2022-03-10T13:59:31+00:00","dateModified":"2024-02-22T16:45:13+00:00","description":"Online Event, the custom-made platform dedicated to your hybrid and digital events ! Because your events are all different, Online Event adapts to your needs.","inLanguage":"en-US","potentialAction":[{"@type":"ReadAction","target":["https:\/\/2024.online-event.io\/en\/"]}]},{"@type":"WebSite","@id":"https:\/\/2024.online-event.io\/fr\/#website","url":"https:\/\/2024.online-event.io\/fr\/","name":"Online Event","description":"","potentialAction":[{"@type":"SearchAction","target":{"@type":"EntryPoint","urlTemplate":"https:\/\/2024.online-event.io\/fr\/?s={search_term_string}"},"query-input":"required name=search_term_string"}],"inLanguage":"en-US"}]}},"_links":{"self":[{"href":"https:\/\/2024.online-event.io\/en\/wp-json\/wp\/v2\/pages\/321"}],"collection":[{"href":"https:\/\/2024.online-event.io\/en\/wp-json\/wp\/v2\/pages"}],"about":[{"href":"https:\/\/2024.online-event.io\/en\/wp-json\/wp\/v2\/types\/page"}],"author":[{"embeddable":true,"href":"https:\/\/2024.online-event.io\/en\/wp-json\/wp\/v2\/users\/1"}],"replies":[{"embeddable":true,"href":"https:\/\/2024.online-event.io\/en\/wp-json\/wp\/v2\/comments?post=321"}],"version-history":[{"count":19,"href":"https:\/\/2024.online-event.io\/en\/wp-json\/wp\/v2\/pages\/321\/revisions"}],"predecessor-version":[{"id":2178,"href":"https:\/\/2024.online-event.io\/en\/wp-json\/wp\/v2\/pages\/321\/revisions\/2178"}],"wp:attachment":[{"href":"https:\/\/2024.online-event.io\/en\/wp-json\/wp\/v2\/media?parent=321"}],"curies":[{"name":"wp","href":"https:\/\/api.w.org\/{rel}","templated":true}]}}